{"id":547,"date":"2022-02-17T13:26:54","date_gmt":"2022-02-17T12:26:54","guid":{"rendered":"https:\/\/www.lappart34.org\/?page_id=547"},"modified":"2025-09-19T11:50:54","modified_gmt":"2025-09-19T09:50:54","slug":"les-pates-au-beurre","status":"publish","type":"page","link":"https:\/\/www.lappart34.org\/?page_id=547","title":{"rendered":"Les P\u00e2tes au Beurre"},"content":{"rendered":"\n<div class=\"wp-block-cover alignfull\" style=\"min-height:159px;aspect-ratio:unset;\"><span aria-hidden=\"true\" class=\"wp-block-cover__background has-nv-site-bg-background-color has-background-dim-100 has-background-dim\"><\/span><div class=\"wp-block-cover__inner-container is-layout-flow wp-block-cover-is-layout-flow\">\n<div class=\"wp-block-group\"><div class=\"wp-block-group__inner-container is-layout-flow wp-block-group-is-layout-flow\">\n<h1 class=\"wp-block-heading has-text-align-left has-neve-text-color-color has-text-color\" id=\"les-pates-au-beurre\">Les P\u00e2tes au Beurre<\/h1>\n<\/div><\/div>\n<\/div><\/div>\n\n\n\n<p class=\"has-medium-font-size\">C&rsquo;est en 1999 que Sophie Marinopoulos, psychologue et psychanalyste, fonde ce concept d&rsquo;accueil des familles. Aujourd&rsquo;hui, les accueils \u00ab\u00a0P\u00e2tes au Beurre\u00a0\u00bb sont pr\u00e9sents dans plusieurs villes de France et s&rsquo;inscrivent dans un R\u00e9seau National.<\/p>\n\n\n\n<hr class=\"wp-block-separator has-text-color has-nv-site-bg-color has-css-opacity has-nv-site-bg-background-color has-background\"\/>\n\n\n\n<div class=\"wp-block-cover alignfull\" style=\"min-height:600px;aspect-ratio:unset;\"><span aria-hidden=\"true\" class=\"wp-block-cover__background has-nv-c-2-background-color has-background-dim-10 has-background-dim\"><\/span><div class=\"wp-block-cover__inner-container is-layout-flow wp-block-cover-is-layout-flow\">\n<div class=\"wp-block-group\"><div class=\"wp-block-group__inner-container is-layout-flow wp-block-group-is-layout-flow\">\n<div style=\"height:80px\" aria-hidden=\"true\" class=\"wp-block-spacer\"><\/div>\n\n\n\n<div class=\"wp-block-columns are-vertically-aligned-center is-layout-flex wp-container-core-columns-is-layout-9d6595d7 wp-block-columns-is-layout-flex\">\n<div class=\"wp-block-column is-vertically-aligned-center is-layout-flow wp-block-column-is-layout-flow\" style=\"flex-basis:50%\">\n<figure class=\"wp-block-image size-full\"><img loading=\"lazy\" decoding=\"async\" width=\"746\" height=\"816\" src=\"https:\/\/www.lappart34.org\/wp-content\/uploads\/2025\/09\/les-pates-au-beurre-a-la-bobine-montpellier.jpg\" alt=\"\" class=\"wp-image-1747\" srcset=\"https:\/\/www.lappart34.org\/wp-content\/uploads\/2025\/09\/les-pates-au-beurre-a-la-bobine-montpellier.jpg 746w, https:\/\/www.lappart34.org\/wp-content\/uploads\/2025\/09\/les-pates-au-beurre-a-la-bobine-montpellier-274x300.jpg 274w\" sizes=\"auto, (max-width: 746px) 100vw, 746px\" \/><\/figure>\n<\/div>\n\n\n\n<div class=\"wp-block-column is-vertically-aligned-center is-layout-flow wp-block-column-is-layout-flow\" style=\"flex-basis:50%\">\n<p class=\"has-neve-text-color-color has-text-color\"><strong>Les accueils \u00ab\u00a0P\u00e2tes au Beurre\u00a0\u00bb sont des espaces libres, <\/strong>accessibles \u00e0 tous, gratuits, anonymes et sans rendez-vous o\u00f9 les familles peuvent venir avec ou sans enfants et ce, quel que soit leur \u00e2ge. Ce sont des lieux de parole, de soutien et d&rsquo;\u00e9changes avec deux psychologues mais aussi avec d&rsquo;autres parents, o\u00f9 chacun peut partager ses questionnements et pr\u00e9occupations concernant ses relations familiales.<\/p>\n\n\n\n<p><mark style=\"background-color:rgba(0, 0, 0, 0)\" class=\"has-inline-color has-nv-dark-bg-color\">Chaque semaine, retrouvez nos accueils P\u00e2tes au Beurre \u00e0 La Bobine, le relais psychologique de L&rsquo;APPART ou \u00e0 la maison pour tous l&rsquo;Escouta\u00efre. <\/mark> <br><\/p>\n\n\n\n<div class=\"wp-block-buttons is-layout-flex wp-block-buttons-is-layout-flex\">\n<div class=\"wp-block-button\"><a class=\"wp-block-button__link has-background wp-element-button\" href=\"https:\/\/www.lespatesaubeurre.fr\/\" style=\"border-radius:100px;background-color:#f1a2a2\" target=\"_blank\" rel=\"noreferrer noopener\">EN SAVOIR PLUS SUR LES P\u00c2TES AU BEURRE<\/a><\/div>\n<\/div>\n\n\n\n<p class=\"has-neve-text-color-color has-text-color\"><\/p>\n<\/div>\n<\/div>\n<\/div><\/div>\n<\/div><\/div>\n\n\n\n<div style=\"height:125px\" aria-hidden=\"true\" class=\"wp-block-spacer\"><\/div>\n\n\n\n<h2 class=\"wp-block-heading\">Horaires et lieux d&rsquo;accueil<\/h2>\n\n\n\n<div id=\"rise-blocks-section-block-instance-0-3f87f25b-f752-481d-9d9f-c9c8b95c6159\" class=\"wp-block-rise-blocks-section\"><div class=\"rise-blocks-boxed rise-blocks-section-wrapper\"><div class=\"rise-blocks-section-inner\">\n<div id=\"rise-blocks-0-a6f6b842-23f0-47b3-ba18-ad8c4e714c97\"><div class=\"wp-block-rise-blocks-icon-boxes rise-blocks-save rise-blocks-center-layout rise-blocks-shadow-enable\"><div class=\"rise-blocks-block-lists\">\n<div id=\"rise-blocks-wp-block-rise-blocks-icon-box-0-707cadae-28ea-47aa-8b02-cc8f08b5808e\"><div class=\"rise-blocks-icon-box rise-blocks-center\"><div class=\"rise-blocks-icon-wrapper\"><img loading=\"lazy\" decoding=\"async\" src=\"https:\/\/www.lappart34.org\/wp-content\/uploads\/2025\/02\/PHOTO-2024-09-09-14-33-14-2.jpg\" height=\"1200\" width=\"1600\" alt=\"\"\/><\/div><div class=\"rise-blocks-content\"><h2 class=\"rise-blocks-title\"><a href=\"#\">LUNDI <\/a><\/h2><p class=\"rise-blocks-description\"><strong>11H30 &#8211; 13H30<br>\u00c0 La Bobine<\/strong><\/p><\/div><div class=\"rise-blocks-icon-box-inner\"><\/div><\/div><\/div>\n\n\n\n<div id=\"rise-blocks-wp-block-rise-blocks-icon-box-1-28a5f804-be61-4032-a099-a5e9be5b63b9\"><div class=\"rise-blocks-icon-box rise-blocks-center\"><div class=\"rise-blocks-icon-wrapper\"><img loading=\"lazy\" decoding=\"async\" src=\"https:\/\/www.lappart34.org\/wp-content\/uploads\/2025\/02\/PHOTO-2024-09-09-14-33-14-2.jpg\" height=\"1200\" width=\"1600\" alt=\"\"\/><\/div><div class=\"rise-blocks-content\"><h2 class=\"rise-blocks-title\"><a href=\"#\">MARDI <\/a><\/h2><p class=\"rise-blocks-description\"><strong>16H30-18H30<br>\u00c0 La Bobine<\/strong><\/p><\/div><div class=\"rise-blocks-icon-box-inner\"><\/div><\/div><\/div>\n\n\n\n<div id=\"rise-blocks-wp-block-rise-blocks-icon-box-2-458ed09b-f7d0-4c77-bd93-996e6da9bf85\"><div class=\"rise-blocks-icon-box rise-blocks-center\"><div class=\"rise-blocks-icon-wrapper\"><img loading=\"lazy\" decoding=\"async\" src=\"https:\/\/www.lappart34.org\/wp-content\/uploads\/2022\/06\/IMG_3695-1-scaled.jpg\" height=\"1920\" width=\"2560\" alt=\"\"\/><\/div><div class=\"rise-blocks-content\"><h2 class=\"rise-blocks-title\">JEUDI<\/h2><p class=\"rise-blocks-description\"><strong>14H-16h<br>\u00c0 la Maison Pour Tous L&rsquo;Escouta\u00efre<\/strong><\/p><\/div><div class=\"rise-blocks-icon-box-inner\"><\/div><\/div><\/div>\n\n\n\n<div id=\"rise-blocks-wp-block-rise-blocks-icon-box-3-a9770052-f878-45d4-a3d4-9f6cd2562249\"><div class=\"rise-blocks-icon-box rise-blocks-center\"><div class=\"rise-blocks-icon-wrapper\"><img loading=\"lazy\" decoding=\"async\" src=\"https:\/\/www.lappart34.org\/wp-content\/uploads\/2022\/06\/IMG_3695-scaled.jpg\" height=\"1920\" width=\"2560\" alt=\"\"\/><\/div><div class=\"rise-blocks-content\"><h2 class=\"rise-blocks-title\"><a href=\"#\">VENDREDI<\/a><\/h2><p class=\"rise-blocks-description\"><strong>9H &#8211; 11H<br>\u00c0 la Maison Pour Tous L&rsquo;Escouta\u00efre<\/strong><\/p><\/div><div class=\"rise-blocks-icon-box-inner\"><\/div><\/div><\/div>\n<\/div><\/div><\/div>\n<\/div><\/div><\/div>\n\n\n\n<div class=\"wp-block-columns is-layout-flex wp-container-core-columns-is-layout-9d6595d7 wp-block-columns-is-layout-flex\">\n<div class=\"wp-block-column is-layout-flow wp-block-column-is-layout-flow\" style=\"flex-basis:66.67%\"><\/div>\n\n\n\n<div class=\"wp-block-column is-layout-flow wp-block-column-is-layout-flow\" style=\"flex-basis:33.33%\"><\/div>\n\n\n\n<div class=\"wp-block-column is-layout-flow wp-block-column-is-layout-flow\" style=\"flex-basis:33.33%\"><\/div>\n<\/div>\n\n\n\n<div class=\"wp-block-cover alignfull\" style=\"min-height:649px;aspect-ratio:unset;\"><span aria-hidden=\"true\" class=\"wp-block-cover__background has-nv-site-bg-background-color has-background-dim-10 has-background-dim\"><\/span><div class=\"wp-block-cover__inner-container is-layout-flow wp-block-cover-is-layout-flow\">\n<div class=\"wp-block-group\"><div class=\"wp-block-group__inner-container is-layout-flow wp-block-group-is-layout-flow\">\n<div style=\"height:80px\" aria-hidden=\"true\" class=\"wp-block-spacer\"><\/div>\n\n\n\n<div class=\"wp-block-columns are-vertically-aligned-center is-layout-flex wp-container-core-columns-is-layout-9d6595d7 wp-block-columns-is-layout-flex\">\n<div class=\"wp-block-column is-vertically-aligned-center is-layout-flow wp-block-column-is-layout-flow\" style=\"flex-basis:50%\">\n<h2 class=\"wp-block-heading has-nv-dark-bg-color has-text-color\" id=\"un-accueil-dans-une-cuisine\">Un accueil dans une cuisine <\/h2>\n\n\n\n<p class=\"has-nv-dark-bg-color has-text-color\">\u2022 <strong>Dans les espaces-cuisine <\/strong>des P\u00e2tes au Beurre, les professionnelles accueillent autour d&rsquo;un th\u00e9, d&rsquo;un caf\u00e9, d&rsquo;une brioche maison, des parents et enfants, avec leurs histoires, leur culture, leurs repr\u00e9sentations et leurs valeurs propres. <\/p>\n\n\n\n<p class=\"has-nv-dark-bg-color has-text-color\"><strong>\u2022 Durant une permanence de 2h,<\/strong> les familles peuvent venir et repartir quand elles le souhaitent, venir autant de fois qu&rsquo;elles le souhaitent.<br><br>\u2022. <strong>Dans cette atmosph\u00e8re s\u00e9curisante, <\/strong>les parents confient leurs questionnements, leurs inqui\u00e9tudes. Ils se rassemblent sur des sujets communs comme <strong>l&rsquo;autorit\u00e9, la violence, la s\u00e9paration, le rythme de l&rsquo;enfant, l&rsquo;adolescence, les difficult\u00e9s scolaires,<\/strong> &#8230;<\/p>\n\n\n\n<p class=\"has-nv-dark-bg-color has-text-color\">\u2022 Face \u00e0 ces questionnements, les deux professionnelles accueillantes (psychologue ou psychomotricienne ayant plusieurs ann\u00e9es de pratique) tentent de permettre \u00e0 chacun, parent, enfant, <strong>d&rsquo;inventer des solutions nouvelles qui leur correspondent. <\/strong><br><br>\u2022 Ce lieu de pr\u00e9vention permet d&rsquo;\u00eatre pr\u00e9sents au moment m\u00eame o\u00f9 les questionnements des parents se formulent <strong>et permet d\u2019\u00e9viter ainsi l\u2019aggravation des difficult\u00e9s relationnelles ou des crises familiales.<\/strong><\/p>\n\n\n\n<p><\/p>\n\n\n\n<div style=\"height:20px\" aria-hidden=\"true\" class=\"wp-block-spacer\"><\/div>\n<\/div>\n\n\n\n<div class=\"wp-block-column is-vertically-aligned-center is-layout-flow wp-block-column-is-layout-flow\" style=\"flex-basis:50%\">\n<figure class=\"wp-block-image size-large\"><img loading=\"lazy\" decoding=\"async\" width=\"1024\" height=\"979\" src=\"https:\/\/www.lappart34.org\/wp-content\/uploads\/2025\/05\/PHOTO-2024-09-09-14-33-15-2-e1758274024437-1024x979.jpg\" alt=\"\" class=\"wp-image-1699\" srcset=\"https:\/\/www.lappart34.org\/wp-content\/uploads\/2025\/05\/PHOTO-2024-09-09-14-33-15-2-e1758274024437-1024x979.jpg 1024w, https:\/\/www.lappart34.org\/wp-content\/uploads\/2025\/05\/PHOTO-2024-09-09-14-33-15-2-e1758274024437-300x287.jpg 300w, https:\/\/www.lappart34.org\/wp-content\/uploads\/2025\/05\/PHOTO-2024-09-09-14-33-15-2-e1758274024437-768x734.jpg 768w, https:\/\/www.lappart34.org\/wp-content\/uploads\/2025\/05\/PHOTO-2024-09-09-14-33-15-2-e1758274024437.jpg 1200w\" sizes=\"auto, (max-width: 1024px) 100vw, 1024px\" \/><\/figure>\n<\/div>\n<\/div>\n\n\n\n<div style=\"height:1px\" aria-hidden=\"true\" class=\"wp-block-spacer\"><\/div>\n<\/div><\/div>\n<\/div><\/div>\n\n\n\n<figure class=\"wp-block-pullquote has-neve-text-color-color has-nv-site-bg-background-color has-text-color has-background\" style=\"font-size:15px;font-style:italic;font-weight:400\"><blockquote><p>Un tel lieu de pr\u00e9vention est fondamental car \u00eatre parent aujourd&rsquo;hui, en pleine mutation sociologique, est un d\u00e9fi tout au long de la vie. Il est important en tant que parent de savoir qu&rsquo;il est possible d&rsquo;\u00eatre accompagn\u00e9 et accueilli rapidement et sans aucune entrave administrative ou financi\u00e8re, lorsque le besoin se fait sentir.<\/p><\/blockquote><\/figure>\n\n\n\n<div style=\"height:29px\" aria-hidden=\"true\" class=\"wp-block-spacer\"><\/div>\n\n\n\n<div class=\"wp-block-columns is-layout-flex wp-container-core-columns-is-layout-9d6595d7 wp-block-columns-is-layout-flex\">\n<div class=\"wp-block-column is-layout-flow wp-block-column-is-layout-flow\" style=\"flex-basis:100%\">\n<div id=\"rise-blocks-1-99704afd-7eb3-4619-8236-ac564f20ea57\"><div class=\"wp-block-rise-blocks-icon-boxes rise-blocks-save rise-blocks-center-layout rise-blocks-shadow-enable\"><div class=\"rise-blocks-block-lists\">\n<div id=\"rise-blocks-wp-block-rise-blocks-icon-box-4-beaf0c6c-c4e1-4b49-98a0-4728130cc885\"><div class=\"rise-blocks-icon-box rise-blocks-center\"><div class=\"rise-blocks-icon-wrapper\"><div class=\"rise-blocks-icon rise-blocks-initial-icon-layout\"><i class=\"fa fa-circle\"><\/i><\/div><\/div><div class=\"rise-blocks-content\"><h2 class=\"rise-blocks-title\">Pr\u00e9venir les risques de troubles psychiques, les difficult\u00e9s relationnelles, et la violence en milieu familial.<\/h2><p class=\"rise-blocks-description\">.<\/p><\/div><div class=\"rise-blocks-icon-box-inner\"><\/div><\/div><\/div>\n\n\n\n<div id=\"rise-blocks-wp-block-rise-blocks-icon-box-5-0cb77118-c703-4d86-a4b8-0ffc19e80308\"><div class=\"rise-blocks-icon-box rise-blocks-center\"><div class=\"rise-blocks-icon-wrapper\"><div class=\"rise-blocks-icon rise-blocks-initial-icon-layout\"><i class=\"fa fa-circle\"><\/i><\/div><\/div><div class=\"rise-blocks-content\"><h2 class=\"rise-blocks-title\">Soutenir la parentalit\u00e9, le lien parent-enfant et les relations familiales. Permettre \u00e0 chacun de prendre soin de soi.<\/h2><p class=\"rise-blocks-description\">.<\/p><\/div><div class=\"rise-blocks-icon-box-inner\"><\/div><\/div><\/div>\n\n\n\n<div id=\"rise-blocks-wp-block-rise-blocks-icon-box-6-ece30c0b-a7bb-4810-b236-6700e7bad14f\"><div class=\"rise-blocks-icon-box rise-blocks-center\"><div class=\"rise-blocks-icon-wrapper\"><div class=\"rise-blocks-icon rise-blocks-initial-icon-layout\"><i class=\"fa fa-circle\"><\/i><\/div><\/div><div class=\"rise-blocks-content\"><h2 class=\"rise-blocks-title\">Rompre le sentiment de solitude et partager son exp\u00e9rience avec d&rsquo;autres, et identifier les \u00e9ventuels besoins en termes d&rsquo;accompagnement. <\/h2><p class=\"rise-blocks-description\">.<\/p><\/div><div class=\"rise-blocks-icon-box-inner\"><\/div><\/div><\/div>\n<\/div><\/div><\/div>\n<\/div>\n<\/div>\n\n\n\n<div style=\"height:87px\" aria-hidden=\"true\" class=\"wp-block-spacer\"><\/div>\n","protected":false},"excerpt":{"rendered":"<p>C&rsquo;est en 1999 que Sophie Marinopoulos, psychologue et psychanalyste, fonde ce concept d&rsquo;accueil des familles. Aujourd&rsquo;hui, les accueils \u00ab\u00a0P\u00e2tes au Beurre\u00a0\u00bb sont pr\u00e9sents dans plusieurs villes de France et s&rsquo;inscrivent dans un R\u00e9seau National. Horaires et lieux d&rsquo;accueil Un tel lieu de pr\u00e9vention est fondamental car \u00eatre parent aujourd&rsquo;hui, en pleine mutation sociologique, est un&hellip;&nbsp;<a href=\"https:\/\/www.lappart34.org\/?page_id=547\" rel=\"bookmark\">Lire la suite &raquo;<span class=\"screen-reader-text\">Les P\u00e2tes au Beurre<\/span><\/a><\/p>\n","protected":false},"author":1,"featured_media":0,"parent":0,"menu_order":0,"comment_status":"closed","ping_status":"closed","template":"","meta":{"neve_meta_sidebar":"default","neve_meta_container":"default","neve_meta_enable_content_width":"on","neve_meta_content_width":100,"neve_meta_title_alignment":"","neve_meta_author_avatar":"","neve_post_elements_order":"","neve_meta_disable_header":"","neve_meta_disable_footer":"","neve_meta_disable_title":"on","footnotes":""},"class_list":["post-547","page","type-page","status-publish","hentry"],"rise-blocks_excerpt":"C&rsquo;est en 1999 que Sophie Marinopoulos, psychologue et psychanalyste, fonde ce concept d&rsquo;accueil des familles. Aujourd&rsquo;hui, les accueils \u00ab\u00a0P\u00e2tes au Beurre\u00a0\u00bb sont pr\u00e9sents dans plusieurs villes de France et s&rsquo;inscrivent dans un R\u00e9seau National. Horaires et lieux d&rsquo;accueil Un tel lieu de pr\u00e9vention est fondamental car \u00eatre parent aujourd&rsquo;hui, en pleine mutation sociologique, est un d\u00e9fi tout au long de..","yoast_head":"<!-- This site is optimized with the Yoast SEO plugin v27.0 - https:\/\/yoast.com\/product\/yoast-seo-wordpress\/ -->\n<title>Les P\u00e2tes au Beurre - ASSOCIATION L APPART LA BOBINE<\/title>\n<meta name=\"robots\" content=\"index, follow, max-snippet:-1, max-image-preview:large, max-video-preview:-1\" \/>\n<link rel=\"canonical\" href=\"https:\/\/www.lappart34.org\/?page_id=547\" \/>\n<meta property=\"og:locale\" content=\"fr_FR\" \/>\n<meta property=\"og:type\" content=\"article\" \/>\n<meta property=\"og:title\" content=\"Les P\u00e2tes au Beurre - ASSOCIATION L APPART LA BOBINE\" \/>\n<meta property=\"og:description\" content=\"C&rsquo;est en 1999 que Sophie Marinopoulos, psychologue et psychanalyste, fonde ce concept d&rsquo;accueil des familles. Aujourd&rsquo;hui, les accueils \u00ab\u00a0P\u00e2tes au Beurre\u00a0\u00bb sont pr\u00e9sents dans plusieurs villes de France et s&rsquo;inscrivent dans un R\u00e9seau National. Horaires et lieux d&rsquo;accueil Un tel lieu de pr\u00e9vention est fondamental car \u00eatre parent aujourd&rsquo;hui, en pleine mutation sociologique, est un&hellip;&nbsp;Lire la suite &raquo;Les P\u00e2tes au Beurre\" \/>\n<meta property=\"og:url\" content=\"https:\/\/www.lappart34.org\/?page_id=547\" \/>\n<meta property=\"og:site_name\" content=\"ASSOCIATION L APPART LA BOBINE\" \/>\n<meta property=\"article:publisher\" content=\"https:\/\/www.facebook.com\/LappartMPT\" \/>\n<meta property=\"article:modified_time\" content=\"2025-09-19T09:50:54+00:00\" \/>\n<meta property=\"og:image\" content=\"https:\/\/www.lappart34.org\/wp-content\/uploads\/2025\/09\/les-pates-au-beurre-a-la-bobine-montpellier.jpg\" \/>\n\t<meta property=\"og:image:width\" content=\"746\" \/>\n\t<meta property=\"og:image:height\" content=\"816\" \/>\n\t<meta property=\"og:image:type\" content=\"image\/jpeg\" \/>\n<meta name=\"twitter:card\" content=\"summary_large_image\" \/>\n<meta name=\"twitter:label1\" content=\"Dur\u00e9e de lecture estim\u00e9e\" \/>\n\t<meta name=\"twitter:data1\" content=\"4 minutes\" \/>\n<script type=\"application\/ld+json\" class=\"yoast-schema-graph\">{\"@context\":\"https:\/\/schema.org\",\"@graph\":[{\"@type\":\"WebPage\",\"@id\":\"https:\/\/www.lappart34.org\/?page_id=547\",\"url\":\"https:\/\/www.lappart34.org\/?page_id=547\",\"name\":\"Les P\u00e2tes au Beurre - ASSOCIATION L APPART LA BOBINE\",\"isPartOf\":{\"@id\":\"https:\/\/www.lappart34.org\/#website\"},\"primaryImageOfPage\":{\"@id\":\"https:\/\/www.lappart34.org\/?page_id=547#primaryimage\"},\"image\":{\"@id\":\"https:\/\/www.lappart34.org\/?page_id=547#primaryimage\"},\"thumbnailUrl\":\"https:\/\/www.lappart34.org\/wp-content\/uploads\/2025\/09\/les-pates-au-beurre-a-la-bobine-montpellier.jpg\",\"datePublished\":\"2022-02-17T12:26:54+00:00\",\"dateModified\":\"2025-09-19T09:50:54+00:00\",\"breadcrumb\":{\"@id\":\"https:\/\/www.lappart34.org\/?page_id=547#breadcrumb\"},\"inLanguage\":\"fr-FR\",\"potentialAction\":[{\"@type\":\"ReadAction\",\"target\":[\"https:\/\/www.lappart34.org\/?page_id=547\"]}]},{\"@type\":\"ImageObject\",\"inLanguage\":\"fr-FR\",\"@id\":\"https:\/\/www.lappart34.org\/?page_id=547#primaryimage\",\"url\":\"https:\/\/www.lappart34.org\/wp-content\/uploads\/2025\/09\/les-pates-au-beurre-a-la-bobine-montpellier.jpg\",\"contentUrl\":\"https:\/\/www.lappart34.org\/wp-content\/uploads\/2025\/09\/les-pates-au-beurre-a-la-bobine-montpellier.jpg\",\"width\":746,\"height\":816},{\"@type\":\"BreadcrumbList\",\"@id\":\"https:\/\/www.lappart34.org\/?page_id=547#breadcrumb\",\"itemListElement\":[{\"@type\":\"ListItem\",\"position\":1,\"name\":\"Accueil\",\"item\":\"https:\/\/www.lappart34.org\/\"},{\"@type\":\"ListItem\",\"position\":2,\"name\":\"Les P\u00e2tes au Beurre\"}]},{\"@type\":\"WebSite\",\"@id\":\"https:\/\/www.lappart34.org\/#website\",\"url\":\"https:\/\/www.lappart34.org\/\",\"name\":\"ASSOCIATION L APPART LA BOBINE\",\"description\":\"Association de soutien \u00e0 la parentalit\u00e9\",\"publisher\":{\"@id\":\"https:\/\/www.lappart34.org\/#organization\"},\"potentialAction\":[{\"@type\":\"SearchAction\",\"target\":{\"@type\":\"EntryPoint\",\"urlTemplate\":\"https:\/\/www.lappart34.org\/?s={search_term_string}\"},\"query-input\":{\"@type\":\"PropertyValueSpecification\",\"valueRequired\":true,\"valueName\":\"search_term_string\"}}],\"inLanguage\":\"fr-FR\"},{\"@type\":\"Organization\",\"@id\":\"https:\/\/www.lappart34.org\/#organization\",\"name\":\"ASSOCIATION L APPART LA BOBINE\",\"url\":\"https:\/\/www.lappart34.org\/\",\"logo\":{\"@type\":\"ImageObject\",\"inLanguage\":\"fr-FR\",\"@id\":\"https:\/\/www.lappart34.org\/#\/schema\/logo\/image\/\",\"url\":\"https:\/\/www.lappart34.org\/wp-content\/uploads\/2022\/02\/lappart-3.png\",\"contentUrl\":\"https:\/\/www.lappart34.org\/wp-content\/uploads\/2022\/02\/lappart-3.png\",\"width\":500,\"height\":500,\"caption\":\"ASSOCIATION L APPART LA BOBINE\"},\"image\":{\"@id\":\"https:\/\/www.lappart34.org\/#\/schema\/logo\/image\/\"},\"sameAs\":[\"https:\/\/www.facebook.com\/LappartMPT\",\"https:\/\/www.instagram.com\/la.bobine\/\"]}]}<\/script>\n<!-- \/ Yoast SEO plugin. -->","yoast_head_json":{"title":"Les P\u00e2tes au Beurre - ASSOCIATION L APPART LA BOBINE","robots":{"index":"index","follow":"follow","max-snippet":"max-snippet:-1","max-image-preview":"max-image-preview:large","max-video-preview":"max-video-preview:-1"},"canonical":"https:\/\/www.lappart34.org\/?page_id=547","og_locale":"fr_FR","og_type":"article","og_title":"Les P\u00e2tes au Beurre - ASSOCIATION L APPART LA BOBINE","og_description":"C&rsquo;est en 1999 que Sophie Marinopoulos, psychologue et psychanalyste, fonde ce concept d&rsquo;accueil des familles. Aujourd&rsquo;hui, les accueils \u00ab\u00a0P\u00e2tes au Beurre\u00a0\u00bb sont pr\u00e9sents dans plusieurs villes de France et s&rsquo;inscrivent dans un R\u00e9seau National. Horaires et lieux d&rsquo;accueil Un tel lieu de pr\u00e9vention est fondamental car \u00eatre parent aujourd&rsquo;hui, en pleine mutation sociologique, est un&hellip;&nbsp;Lire la suite &raquo;Les P\u00e2tes au Beurre","og_url":"https:\/\/www.lappart34.org\/?page_id=547","og_site_name":"ASSOCIATION L APPART LA BOBINE","article_publisher":"https:\/\/www.facebook.com\/LappartMPT","article_modified_time":"2025-09-19T09:50:54+00:00","og_image":[{"width":746,"height":816,"url":"https:\/\/www.lappart34.org\/wp-content\/uploads\/2025\/09\/les-pates-au-beurre-a-la-bobine-montpellier.jpg","type":"image\/jpeg"}],"twitter_card":"summary_large_image","twitter_misc":{"Dur\u00e9e de lecture estim\u00e9e":"4 minutes"},"schema":{"@context":"https:\/\/schema.org","@graph":[{"@type":"WebPage","@id":"https:\/\/www.lappart34.org\/?page_id=547","url":"https:\/\/www.lappart34.org\/?page_id=547","name":"Les P\u00e2tes au Beurre - ASSOCIATION L APPART LA BOBINE","isPartOf":{"@id":"https:\/\/www.lappart34.org\/#website"},"primaryImageOfPage":{"@id":"https:\/\/www.lappart34.org\/?page_id=547#primaryimage"},"image":{"@id":"https:\/\/www.lappart34.org\/?page_id=547#primaryimage"},"thumbnailUrl":"https:\/\/www.lappart34.org\/wp-content\/uploads\/2025\/09\/les-pates-au-beurre-a-la-bobine-montpellier.jpg","datePublished":"2022-02-17T12:26:54+00:00","dateModified":"2025-09-19T09:50:54+00:00","breadcrumb":{"@id":"https:\/\/www.lappart34.org\/?page_id=547#breadcrumb"},"inLanguage":"fr-FR","potentialAction":[{"@type":"ReadAction","target":["https:\/\/www.lappart34.org\/?page_id=547"]}]},{"@type":"ImageObject","inLanguage":"fr-FR","@id":"https:\/\/www.lappart34.org\/?page_id=547#primaryimage","url":"https:\/\/www.lappart34.org\/wp-content\/uploads\/2025\/09\/les-pates-au-beurre-a-la-bobine-montpellier.jpg","contentUrl":"https:\/\/www.lappart34.org\/wp-content\/uploads\/2025\/09\/les-pates-au-beurre-a-la-bobine-montpellier.jpg","width":746,"height":816},{"@type":"BreadcrumbList","@id":"https:\/\/www.lappart34.org\/?page_id=547#breadcrumb","itemListElement":[{"@type":"ListItem","position":1,"name":"Accueil","item":"https:\/\/www.lappart34.org\/"},{"@type":"ListItem","position":2,"name":"Les P\u00e2tes au Beurre"}]},{"@type":"WebSite","@id":"https:\/\/www.lappart34.org\/#website","url":"https:\/\/www.lappart34.org\/","name":"ASSOCIATION L APPART LA BOBINE","description":"Association de soutien \u00e0 la parentalit\u00e9","publisher":{"@id":"https:\/\/www.lappart34.org\/#organization"},"potentialAction":[{"@type":"SearchAction","target":{"@type":"EntryPoint","urlTemplate":"https:\/\/www.lappart34.org\/?s={search_term_string}"},"query-input":{"@type":"PropertyValueSpecification","valueRequired":true,"valueName":"search_term_string"}}],"inLanguage":"fr-FR"},{"@type":"Organization","@id":"https:\/\/www.lappart34.org\/#organization","name":"ASSOCIATION L APPART LA BOBINE","url":"https:\/\/www.lappart34.org\/","logo":{"@type":"ImageObject","inLanguage":"fr-FR","@id":"https:\/\/www.lappart34.org\/#\/schema\/logo\/image\/","url":"https:\/\/www.lappart34.org\/wp-content\/uploads\/2022\/02\/lappart-3.png","contentUrl":"https:\/\/www.lappart34.org\/wp-content\/uploads\/2022\/02\/lappart-3.png","width":500,"height":500,"caption":"ASSOCIATION L APPART LA BOBINE"},"image":{"@id":"https:\/\/www.lappart34.org\/#\/schema\/logo\/image\/"},"sameAs":["https:\/\/www.facebook.com\/LappartMPT","https:\/\/www.instagram.com\/la.bobine\/"]}]}},"_links":{"self":[{"href":"https:\/\/www.lappart34.org\/index.php?rest_route=\/wp\/v2\/pages\/547","targetHints":{"allow":["GET"]}}],"collection":[{"href":"https:\/\/www.lappart34.org\/index.php?rest_route=\/wp\/v2\/pages"}],"about":[{"href":"https:\/\/www.lappart34.org\/index.php?rest_route=\/wp\/v2\/types\/page"}],"author":[{"embeddable":true,"href":"https:\/\/www.lappart34.org\/index.php?rest_route=\/wp\/v2\/users\/1"}],"replies":[{"embeddable":true,"href":"https:\/\/www.lappart34.org\/index.php?rest_route=%2Fwp%2Fv2%2Fcomments&post=547"}],"version-history":[{"count":50,"href":"https:\/\/www.lappart34.org\/index.php?rest_route=\/wp\/v2\/pages\/547\/revisions"}],"predecessor-version":[{"id":1748,"href":"https:\/\/www.lappart34.org\/index.php?rest_route=\/wp\/v2\/pages\/547\/revisions\/1748"}],"wp:attachment":[{"href":"https:\/\/www.lappart34.org\/index.php?rest_route=%2Fwp%2Fv2%2Fmedia&parent=547"}],"curies":[{"name":"wp","href":"https:\/\/api.w.org\/{rel}","templated":true}]}}