{"id":307,"date":"2020-01-13T10:41:00","date_gmt":"2020-01-13T10:41:00","guid":{"rendered":"https:\/\/demosites.io\/web-agency-gb\/?page_id=2"},"modified":"2022-06-13T13:41:23","modified_gmt":"2022-06-13T11:41:23","slug":"15c42-web-agency-gb-news","status":"publish","type":"page","link":"https:\/\/www.lappart34.org\/?page_id=307","title":{"rendered":"Nos actus"},"content":{"rendered":"\n<p>Retrouvez ici toutes les actualit\u00e9s et \u00e9v\u00e9nements organis\u00e9s par l&rsquo;association L&rsquo;APPART !<\/p>\n","protected":false},"excerpt":{"rendered":"<p>Retrouvez ici toutes les actualit\u00e9s et \u00e9v\u00e9nements organis\u00e9s par l&rsquo;association L&rsquo;APPART !<\/p>\n","protected":false},"author":1,"featured_media":0,"parent":0,"menu_order":0,"comment_status":"closed","ping_status":"closed","template":"","meta":{"neve_meta_sidebar":"","neve_meta_container":"","neve_meta_enable_content_width":"off","neve_meta_content_width":0,"neve_meta_title_alignment":"","neve_meta_author_avatar":"","neve_post_elements_order":"","neve_meta_disable_header":"","neve_meta_disable_footer":"","neve_meta_disable_title":"","footnotes":""},"class_list":["post-307","page","type-page","status-publish","hentry"],"rise-blocks_excerpt":"Retrouvez ici toutes les actualit\u00e9s et \u00e9v\u00e9nements organis\u00e9s par l&rsquo;association L&rsquo;APPART !","yoast_head":"<!-- This site is optimized with the Yoast SEO plugin v27.0 - https:\/\/yoast.com\/product\/yoast-seo-wordpress\/ -->\n<title>Nos actus - ASSOCIATION L APPART LA BOBINE<\/title>\n<meta name=\"robots\" content=\"index, follow, max-snippet:-1, max-image-preview:large, max-video-preview:-1\" \/>\n<link rel=\"canonical\" href=\"https:\/\/www.lappart34.org\/?page_id=307\" \/>\n<meta property=\"og:locale\" content=\"fr_FR\" \/>\n<meta property=\"og:type\" content=\"article\" \/>\n<meta property=\"og:title\" content=\"Nos actus - ASSOCIATION L APPART LA BOBINE\" \/>\n<meta property=\"og:description\" content=\"Retrouvez ici toutes les actualit\u00e9s et \u00e9v\u00e9nements organis\u00e9s par l&rsquo;association L&rsquo;APPART !\" \/>\n<meta property=\"og:url\" content=\"https:\/\/www.lappart34.org\/?page_id=307\" \/>\n<meta property=\"og:site_name\" content=\"ASSOCIATION L APPART LA BOBINE\" \/>\n<meta property=\"article:publisher\" content=\"https:\/\/www.facebook.com\/LappartMPT\" \/>\n<meta property=\"article:modified_time\" content=\"2022-06-13T11:41:23+00:00\" \/>\n<meta name=\"twitter:card\" content=\"summary_large_image\" \/>\n<script type=\"application\/ld+json\" class=\"yoast-schema-graph\">{\"@context\":\"https:\/\/schema.org\",\"@graph\":[{\"@type\":[\"WebPage\",\"CollectionPage\"],\"@id\":\"https:\/\/www.lappart34.org\/?page_id=307\",\"url\":\"https:\/\/www.lappart34.org\/?page_id=307\",\"name\":\"Nos actus - ASSOCIATION L APPART LA BOBINE\",\"isPartOf\":{\"@id\":\"https:\/\/www.lappart34.org\/#website\"},\"datePublished\":\"2020-01-13T10:41:00+00:00\",\"dateModified\":\"2022-06-13T11:41:23+00:00\",\"breadcrumb\":{\"@id\":\"https:\/\/www.lappart34.org\/?page_id=307#breadcrumb\"},\"inLanguage\":\"fr-FR\"},{\"@type\":\"BreadcrumbList\",\"@id\":\"https:\/\/www.lappart34.org\/?page_id=307#breadcrumb\",\"itemListElement\":[{\"@type\":\"ListItem\",\"position\":1,\"name\":\"Accueil\",\"item\":\"https:\/\/www.lappart34.org\/\"},{\"@type\":\"ListItem\",\"position\":2,\"name\":\"Nos actus\"}]},{\"@type\":\"WebSite\",\"@id\":\"https:\/\/www.lappart34.org\/#website\",\"url\":\"https:\/\/www.lappart34.org\/\",\"name\":\"ASSOCIATION L APPART LA BOBINE\",\"description\":\"Association de soutien \u00e0 la parentalit\u00e9\",\"publisher\":{\"@id\":\"https:\/\/www.lappart34.org\/#organization\"},\"potentialAction\":[{\"@type\":\"SearchAction\",\"target\":{\"@type\":\"EntryPoint\",\"urlTemplate\":\"https:\/\/www.lappart34.org\/?s={search_term_string}\"},\"query-input\":{\"@type\":\"PropertyValueSpecification\",\"valueRequired\":true,\"valueName\":\"search_term_string\"}}],\"inLanguage\":\"fr-FR\"},{\"@type\":\"Organization\",\"@id\":\"https:\/\/www.lappart34.org\/#organization\",\"name\":\"ASSOCIATION L APPART LA BOBINE\",\"url\":\"https:\/\/www.lappart34.org\/\",\"logo\":{\"@type\":\"ImageObject\",\"inLanguage\":\"fr-FR\",\"@id\":\"https:\/\/www.lappart34.org\/#\/schema\/logo\/image\/\",\"url\":\"https:\/\/www.lappart34.org\/wp-content\/uploads\/2022\/02\/lappart-3.png\",\"contentUrl\":\"https:\/\/www.lappart34.org\/wp-content\/uploads\/2022\/02\/lappart-3.png\",\"width\":500,\"height\":500,\"caption\":\"ASSOCIATION L APPART LA BOBINE\"},\"image\":{\"@id\":\"https:\/\/www.lappart34.org\/#\/schema\/logo\/image\/\"},\"sameAs\":[\"https:\/\/www.facebook.com\/LappartMPT\",\"https:\/\/www.instagram.com\/la.bobine\/\"]}]}<\/script>\n<!-- \/ Yoast SEO plugin. -->","yoast_head_json":{"title":"Nos actus - ASSOCIATION L APPART LA BOBINE","robots":{"index":"index","follow":"follow","max-snippet":"max-snippet:-1","max-image-preview":"max-image-preview:large","max-video-preview":"max-video-preview:-1"},"canonical":"https:\/\/www.lappart34.org\/?page_id=307","og_locale":"fr_FR","og_type":"article","og_title":"Nos actus - ASSOCIATION L APPART LA BOBINE","og_description":"Retrouvez ici toutes les actualit\u00e9s et \u00e9v\u00e9nements organis\u00e9s par l&rsquo;association L&rsquo;APPART !","og_url":"https:\/\/www.lappart34.org\/?page_id=307","og_site_name":"ASSOCIATION L APPART LA BOBINE","article_publisher":"https:\/\/www.facebook.com\/LappartMPT","article_modified_time":"2022-06-13T11:41:23+00:00","twitter_card":"summary_large_image","schema":{"@context":"https:\/\/schema.org","@graph":[{"@type":["WebPage","CollectionPage"],"@id":"https:\/\/www.lappart34.org\/?page_id=307","url":"https:\/\/www.lappart34.org\/?page_id=307","name":"Nos actus - ASSOCIATION L APPART LA BOBINE","isPartOf":{"@id":"https:\/\/www.lappart34.org\/#website"},"datePublished":"2020-01-13T10:41:00+00:00","dateModified":"2022-06-13T11:41:23+00:00","breadcrumb":{"@id":"https:\/\/www.lappart34.org\/?page_id=307#breadcrumb"},"inLanguage":"fr-FR"},{"@type":"BreadcrumbList","@id":"https:\/\/www.lappart34.org\/?page_id=307#breadcrumb","itemListElement":[{"@type":"ListItem","position":1,"name":"Accueil","item":"https:\/\/www.lappart34.org\/"},{"@type":"ListItem","position":2,"name":"Nos actus"}]},{"@type":"WebSite","@id":"https:\/\/www.lappart34.org\/#website","url":"https:\/\/www.lappart34.org\/","name":"ASSOCIATION L APPART LA BOBINE","description":"Association de soutien \u00e0 la parentalit\u00e9","publisher":{"@id":"https:\/\/www.lappart34.org\/#organization"},"potentialAction":[{"@type":"SearchAction","target":{"@type":"EntryPoint","urlTemplate":"https:\/\/www.lappart34.org\/?s={search_term_string}"},"query-input":{"@type":"PropertyValueSpecification","valueRequired":true,"valueName":"search_term_string"}}],"inLanguage":"fr-FR"},{"@type":"Organization","@id":"https:\/\/www.lappart34.org\/#organization","name":"ASSOCIATION L APPART LA BOBINE","url":"https:\/\/www.lappart34.org\/","logo":{"@type":"ImageObject","inLanguage":"fr-FR","@id":"https:\/\/www.lappart34.org\/#\/schema\/logo\/image\/","url":"https:\/\/www.lappart34.org\/wp-content\/uploads\/2022\/02\/lappart-3.png","contentUrl":"https:\/\/www.lappart34.org\/wp-content\/uploads\/2022\/02\/lappart-3.png","width":500,"height":500,"caption":"ASSOCIATION L APPART LA BOBINE"},"image":{"@id":"https:\/\/www.lappart34.org\/#\/schema\/logo\/image\/"},"sameAs":["https:\/\/www.facebook.com\/LappartMPT","https:\/\/www.instagram.com\/la.bobine\/"]}]}},"_links":{"self":[{"href":"https:\/\/www.lappart34.org\/index.php?rest_route=\/wp\/v2\/pages\/307","targetHints":{"allow":["GET"]}}],"collection":[{"href":"https:\/\/www.lappart34.org\/index.php?rest_route=\/wp\/v2\/pages"}],"about":[{"href":"https:\/\/www.lappart34.org\/index.php?rest_route=\/wp\/v2\/types\/page"}],"author":[{"embeddable":true,"href":"https:\/\/www.lappart34.org\/index.php?rest_route=\/wp\/v2\/users\/1"}],"replies":[{"embeddable":true,"href":"https:\/\/www.lappart34.org\/index.php?rest_route=%2Fwp%2Fv2%2Fcomments&post=307"}],"version-history":[{"count":3,"href":"https:\/\/www.lappart34.org\/index.php?rest_route=\/wp\/v2\/pages\/307\/revisions"}],"predecessor-version":[{"id":951,"href":"https:\/\/www.lappart34.org\/index.php?rest_route=\/wp\/v2\/pages\/307\/revisions\/951"}],"wp:attachment":[{"href":"https:\/\/www.lappart34.org\/index.php?rest_route=%2Fwp%2Fv2%2Fmedia&parent=307"}],"curies":[{"name":"wp","href":"https:\/\/api.w.org\/{rel}","templated":true}]}}