{"id":1252,"date":"2023-09-15T14:58:25","date_gmt":"2023-09-15T12:58:25","guid":{"rendered":"https:\/\/www.lappart34.org\/?page_id=1252"},"modified":"2025-09-19T12:40:25","modified_gmt":"2025-09-19T10:40:25","slug":"accueil-la-cabane-laep","status":"publish","type":"page","link":"https:\/\/www.lappart34.org\/?page_id=1252","title":{"rendered":"Accueil La Cabane (LAEP)"},"content":{"rendered":"\n<div class=\"wp-block-cover alignfull\" style=\"min-height:159px;aspect-ratio:unset;\"><span aria-hidden=\"true\" class=\"wp-block-cover__background has-nv-site-bg-background-color has-background-dim-100 has-background-dim\"><\/span><div class=\"wp-block-cover__inner-container is-layout-flow wp-block-cover-is-layout-flow\">\n<div class=\"wp-block-group\"><div class=\"wp-block-group__inner-container is-layout-flow wp-block-group-is-layout-flow\">\n<h1 class=\"wp-block-heading has-text-align-left has-neve-text-color-color has-text-color\" id=\"l-accueil-parent-bebe\">Accueil La Cabane (LAEP)<\/h1>\n<\/div><\/div>\n<\/div><\/div>\n\n\n\n<p class=\"has-medium-font-size\"><\/p>\n\n\n\n<hr class=\"wp-block-separator has-text-color has-nv-site-bg-color has-css-opacity has-nv-site-bg-background-color has-background\"\/>\n\n\n\n<div class=\"wp-block-cover alignfull is-light\" style=\"min-height:600px;aspect-ratio:unset;\"><span aria-hidden=\"true\" class=\"wp-block-cover__background has-background-dim-20 has-background-dim\" style=\"background-color:#a9c874\"><\/span><div class=\"wp-block-cover__inner-container is-layout-flow wp-block-cover-is-layout-flow\">\n<div class=\"wp-block-group\"><div class=\"wp-block-group__inner-container is-layout-flow wp-block-group-is-layout-flow\">\n<div style=\"height:80px\" aria-hidden=\"true\" class=\"wp-block-spacer\"><\/div>\n\n\n\n<div class=\"wp-block-columns are-vertically-aligned-center is-layout-flex wp-container-core-columns-is-layout-9d6595d7 wp-block-columns-is-layout-flex\">\n<div class=\"wp-block-column is-vertically-aligned-center is-layout-flow wp-block-column-is-layout-flow\" style=\"flex-basis:50%\">\n<figure class=\"wp-block-image size-large\"><img loading=\"lazy\" decoding=\"async\" width=\"1024\" height=\"829\" src=\"https:\/\/www.lappart34.org\/wp-content\/uploads\/2022\/06\/Capture-de\u0301cran-2022-06-13-a\u0300-13.33.56-1024x829.png\" alt=\"\" class=\"wp-image-942\" srcset=\"https:\/\/www.lappart34.org\/wp-content\/uploads\/2022\/06\/Capture-de\u0301cran-2022-06-13-a\u0300-13.33.56-1024x829.png 1024w, https:\/\/www.lappart34.org\/wp-content\/uploads\/2022\/06\/Capture-de\u0301cran-2022-06-13-a\u0300-13.33.56-300x243.png 300w, https:\/\/www.lappart34.org\/wp-content\/uploads\/2022\/06\/Capture-de\u0301cran-2022-06-13-a\u0300-13.33.56-768x622.png 768w, https:\/\/www.lappart34.org\/wp-content\/uploads\/2022\/06\/Capture-de\u0301cran-2022-06-13-a\u0300-13.33.56.png 1428w\" sizes=\"auto, (max-width: 1024px) 100vw, 1024px\" \/><\/figure>\n<\/div>\n\n\n\n<div class=\"wp-block-column is-vertically-aligned-center is-layout-flow wp-block-column-is-layout-flow\" style=\"flex-basis:50%\">\n<p class=\"has-neve-text-color-color has-text-color\"><strong>Tous les mardis matins, La Bobine se transforme en un Lieu d&rsquo;Accueil Enfant Parent (LAEP) appel\u00e9 La Cabane, pour un temps convivial \u00e0 destination des enfants de moins de 6 ans accompagn\u00e9s de leur(s) parent(s) ou d&rsquo;un proche.<\/strong><\/p>\n\n\n\n<p class=\"has-neve-text-color-color has-text-color\">Ce moment offre un temps de rencontre, de jeu et d&rsquo;\u00e9changes entre enfants, parents et le duo de psychologue et psychomotricienne de l&rsquo;association.<\/p>\n\n\n\n<p class=\"has-neve-text-color-color has-text-color\"><mark style=\"background-color:rgba(0, 0, 0, 0)\" class=\"has-inline-color has-nv-dark-bg-color\">Chaque semaine, retrouvez nos accueils Enfants-Parents \u00e0 La Bobine, le Relais Psychologique de notre association.<\/mark><\/p>\n<\/div>\n<\/div>\n<\/div><\/div>\n<\/div><\/div>\n\n\n\n<div style=\"height:100px\" aria-hidden=\"true\" class=\"wp-block-spacer\"><\/div>\n\n\n\n<div class=\"wp-block-columns is-layout-flex wp-container-core-columns-is-layout-9d6595d7 wp-block-columns-is-layout-flex\">\n<div class=\"wp-block-column is-layout-flow wp-block-column-is-layout-flow\" style=\"flex-basis:100%\">\n<h2 class=\"wp-block-heading\"><\/h2>\n\n\n\n<div class=\"wp-block-columns is-layout-flex wp-container-core-columns-is-layout-9d6595d7 wp-block-columns-is-layout-flex\">\n<div class=\"wp-block-column is-layout-flow wp-block-column-is-layout-flow\">\n<div style=\"height:100px\" aria-hidden=\"true\" class=\"wp-block-spacer\"><\/div>\n\n\n\n<h2 class=\"wp-block-heading\"><mark style=\"background-color:rgba(0, 0, 0, 0);color:#a9c874\" class=\"has-inline-color\">Le r\u00f4le du LAEP<\/mark><\/h2>\n\n\n\n<p class=\"has-neve-link-color-color has-text-color\">\u2022 <strong>La permanence La Cabane permet aux enfants et aux parents de s&rsquo;approprier tout l&rsquo;espace de La Bobine : la grande salle d&rsquo;accueil et la salle de jeux. <\/strong>L\u2019espace est am\u00e9nag\u00e9 en fonction, pour que les enfants puissent \u00e9voluer en toute s\u00e9curit\u00e9 sous la surveillance de leur(s) parent(s), d\u00e9couvrir de nouveaux jeux, sociabiliser. <br><br>\u2022. <strong>Les parents peuvent prendre le temps de se poser, partager leurs questionnements ou pr\u00e9occupations avec les psychologues et les autres parents pr\u00e9sents<\/strong>, autour d&rsquo;un th\u00e9, d&rsquo;un caf\u00e9 et du pain fait maison \u00e0 La Bobine.<\/p>\n<\/div>\n\n\n\n<div class=\"wp-block-column is-vertically-aligned-center is-layout-flow wp-block-column-is-layout-flow\">\n<div id=\"rise-blocks-0-a7ba448a-49fe-4cab-97ad-ebf59298f976\"><div class=\"wp-block-rise-blocks-icon-boxes rise-blocks-save rise-blocks-center-layout rise-blocks-shadow-enable\"><div class=\"rise-blocks-block-lists\">\n<div id=\"rise-blocks-wp-block-rise-blocks-icon-box-0-70cbc544-60d6-494f-99be-a766c842cc7c\"><div class=\"rise-blocks-icon-box rise-blocks-center\"><div class=\"rise-blocks-icon-wrapper\"><img loading=\"lazy\" decoding=\"async\" src=\"https:\/\/www.lappart34.org\/wp-content\/uploads\/2025\/05\/IMG_9497-scaled.jpg\" height=\"1920\" width=\"2560\" alt=\"\"\/><\/div><div class=\"rise-blocks-content\"><h2 class=\"rise-blocks-title\">Tous les mardis <br>de 9H \u00e0 12H<\/h2><p class=\"rise-blocks-description\"><strong>Gratuit, anonyme et sans rdv<br>entr\u00e9es et sorties libres \u00e0 tout moment<\/strong><\/p><\/div><div class=\"rise-blocks-icon-box-inner\"><\/div><\/div><\/div>\n<\/div><\/div><\/div>\n<\/div>\n<\/div>\n<\/div>\n<\/div>\n\n\n\n<div style=\"height:29px\" aria-hidden=\"true\" class=\"wp-block-spacer\"><\/div>\n","protected":false},"excerpt":{"rendered":"<p>Le r\u00f4le du LAEP \u2022 La permanence La Cabane permet aux enfants et aux parents de s&rsquo;approprier tout l&rsquo;espace de La Bobine : la grande salle d&rsquo;accueil et la salle de jeux. L\u2019espace est am\u00e9nag\u00e9 en fonction, pour que les enfants puissent \u00e9voluer en toute s\u00e9curit\u00e9 sous la surveillance de leur(s) parent(s), d\u00e9couvrir de nouveaux&hellip;&nbsp;<a href=\"https:\/\/www.lappart34.org\/?page_id=1252\" rel=\"bookmark\">Lire la suite &raquo;<span class=\"screen-reader-text\">Accueil La Cabane (LAEP)<\/span><\/a><\/p>\n","protected":false},"author":1,"featured_media":0,"parent":0,"menu_order":0,"comment_status":"closed","ping_status":"closed","template":"","meta":{"neve_meta_sidebar":"default","neve_meta_container":"default","neve_meta_enable_content_width":"on","neve_meta_content_width":100,"neve_meta_title_alignment":"","neve_meta_author_avatar":"","neve_post_elements_order":"","neve_meta_disable_header":"","neve_meta_disable_footer":"","neve_meta_disable_title":"on","footnotes":""},"class_list":["post-1252","page","type-page","status-publish","hentry"],"rise-blocks_excerpt":"Le r\u00f4le du LAEP \u2022 La permanence La Cabane permet aux enfants et aux parents de s&rsquo;approprier tout l&rsquo;espace de La Bobine : la grande salle d&rsquo;accueil et la salle de jeux. L\u2019espace est am\u00e9nag\u00e9 en fonction, pour que les enfants puissent \u00e9voluer en toute s\u00e9curit\u00e9 sous la surveillance de leur(s) parent(s), d\u00e9couvrir de nouveaux jeux, sociabiliser. \u2022. Les parents..","yoast_head":"<!-- This site is optimized with the Yoast SEO plugin v27.0 - https:\/\/yoast.com\/product\/yoast-seo-wordpress\/ -->\n<title>Accueil La Cabane (LAEP) - ASSOCIATION L APPART LA BOBINE<\/title>\n<meta name=\"robots\" content=\"index, follow, max-snippet:-1, max-image-preview:large, max-video-preview:-1\" \/>\n<link rel=\"canonical\" href=\"https:\/\/www.lappart34.org\/?page_id=1252\" \/>\n<meta property=\"og:locale\" content=\"fr_FR\" \/>\n<meta property=\"og:type\" content=\"article\" \/>\n<meta property=\"og:title\" content=\"Accueil La Cabane (LAEP) - ASSOCIATION L APPART LA BOBINE\" \/>\n<meta property=\"og:description\" content=\"Le r\u00f4le du LAEP \u2022 La permanence La Cabane permet aux enfants et aux parents de s&rsquo;approprier tout l&rsquo;espace de La Bobine : la grande salle d&rsquo;accueil et la salle de jeux. L\u2019espace est am\u00e9nag\u00e9 en fonction, pour que les enfants puissent \u00e9voluer en toute s\u00e9curit\u00e9 sous la surveillance de leur(s) parent(s), d\u00e9couvrir de nouveaux&hellip;&nbsp;Lire la suite &raquo;Accueil La Cabane (LAEP)\" \/>\n<meta property=\"og:url\" content=\"https:\/\/www.lappart34.org\/?page_id=1252\" \/>\n<meta property=\"og:site_name\" content=\"ASSOCIATION L APPART LA BOBINE\" \/>\n<meta property=\"article:publisher\" content=\"https:\/\/www.facebook.com\/LappartMPT\" \/>\n<meta property=\"article:modified_time\" content=\"2025-09-19T10:40:25+00:00\" \/>\n<meta property=\"og:image\" content=\"https:\/\/www.lappart34.org\/wp-content\/uploads\/2025\/05\/IMG_9497-scaled.jpg\" \/>\n<meta name=\"twitter:card\" content=\"summary_large_image\" \/>\n<meta name=\"twitter:label1\" content=\"Dur\u00e9e de lecture estim\u00e9e\" \/>\n\t<meta name=\"twitter:data1\" content=\"2 minutes\" \/>\n<script type=\"application\/ld+json\" class=\"yoast-schema-graph\">{\"@context\":\"https:\/\/schema.org\",\"@graph\":[{\"@type\":\"WebPage\",\"@id\":\"https:\/\/www.lappart34.org\/?page_id=1252\",\"url\":\"https:\/\/www.lappart34.org\/?page_id=1252\",\"name\":\"Accueil La Cabane (LAEP) - ASSOCIATION L APPART LA BOBINE\",\"isPartOf\":{\"@id\":\"https:\/\/www.lappart34.org\/#website\"},\"primaryImageOfPage\":{\"@id\":\"https:\/\/www.lappart34.org\/?page_id=1252#primaryimage\"},\"image\":{\"@id\":\"https:\/\/www.lappart34.org\/?page_id=1252#primaryimage\"},\"thumbnailUrl\":\"https:\/\/www.lappart34.org\/wp-content\/uploads\/2025\/05\/IMG_9497-scaled.jpg\",\"datePublished\":\"2023-09-15T12:58:25+00:00\",\"dateModified\":\"2025-09-19T10:40:25+00:00\",\"breadcrumb\":{\"@id\":\"https:\/\/www.lappart34.org\/?page_id=1252#breadcrumb\"},\"inLanguage\":\"fr-FR\",\"potentialAction\":[{\"@type\":\"ReadAction\",\"target\":[\"https:\/\/www.lappart34.org\/?page_id=1252\"]}]},{\"@type\":\"ImageObject\",\"inLanguage\":\"fr-FR\",\"@id\":\"https:\/\/www.lappart34.org\/?page_id=1252#primaryimage\",\"url\":\"https:\/\/www.lappart34.org\/wp-content\/uploads\/2025\/05\/IMG_9497-scaled.jpg\",\"contentUrl\":\"https:\/\/www.lappart34.org\/wp-content\/uploads\/2025\/05\/IMG_9497-scaled.jpg\",\"width\":2560,\"height\":1920},{\"@type\":\"BreadcrumbList\",\"@id\":\"https:\/\/www.lappart34.org\/?page_id=1252#breadcrumb\",\"itemListElement\":[{\"@type\":\"ListItem\",\"position\":1,\"name\":\"Accueil\",\"item\":\"https:\/\/www.lappart34.org\/\"},{\"@type\":\"ListItem\",\"position\":2,\"name\":\"Accueil La Cabane (LAEP)\"}]},{\"@type\":\"WebSite\",\"@id\":\"https:\/\/www.lappart34.org\/#website\",\"url\":\"https:\/\/www.lappart34.org\/\",\"name\":\"ASSOCIATION L APPART LA BOBINE\",\"description\":\"Association de soutien \u00e0 la parentalit\u00e9\",\"publisher\":{\"@id\":\"https:\/\/www.lappart34.org\/#organization\"},\"potentialAction\":[{\"@type\":\"SearchAction\",\"target\":{\"@type\":\"EntryPoint\",\"urlTemplate\":\"https:\/\/www.lappart34.org\/?s={search_term_string}\"},\"query-input\":{\"@type\":\"PropertyValueSpecification\",\"valueRequired\":true,\"valueName\":\"search_term_string\"}}],\"inLanguage\":\"fr-FR\"},{\"@type\":\"Organization\",\"@id\":\"https:\/\/www.lappart34.org\/#organization\",\"name\":\"ASSOCIATION L APPART LA BOBINE\",\"url\":\"https:\/\/www.lappart34.org\/\",\"logo\":{\"@type\":\"ImageObject\",\"inLanguage\":\"fr-FR\",\"@id\":\"https:\/\/www.lappart34.org\/#\/schema\/logo\/image\/\",\"url\":\"https:\/\/www.lappart34.org\/wp-content\/uploads\/2022\/02\/lappart-3.png\",\"contentUrl\":\"https:\/\/www.lappart34.org\/wp-content\/uploads\/2022\/02\/lappart-3.png\",\"width\":500,\"height\":500,\"caption\":\"ASSOCIATION L APPART LA BOBINE\"},\"image\":{\"@id\":\"https:\/\/www.lappart34.org\/#\/schema\/logo\/image\/\"},\"sameAs\":[\"https:\/\/www.facebook.com\/LappartMPT\",\"https:\/\/www.instagram.com\/la.bobine\/\"]}]}<\/script>\n<!-- \/ Yoast SEO plugin. -->","yoast_head_json":{"title":"Accueil La Cabane (LAEP) - ASSOCIATION L APPART LA BOBINE","robots":{"index":"index","follow":"follow","max-snippet":"max-snippet:-1","max-image-preview":"max-image-preview:large","max-video-preview":"max-video-preview:-1"},"canonical":"https:\/\/www.lappart34.org\/?page_id=1252","og_locale":"fr_FR","og_type":"article","og_title":"Accueil La Cabane (LAEP) - ASSOCIATION L APPART LA BOBINE","og_description":"Le r\u00f4le du LAEP \u2022 La permanence La Cabane permet aux enfants et aux parents de s&rsquo;approprier tout l&rsquo;espace de La Bobine : la grande salle d&rsquo;accueil et la salle de jeux. L\u2019espace est am\u00e9nag\u00e9 en fonction, pour que les enfants puissent \u00e9voluer en toute s\u00e9curit\u00e9 sous la surveillance de leur(s) parent(s), d\u00e9couvrir de nouveaux&hellip;&nbsp;Lire la suite &raquo;Accueil La Cabane (LAEP)","og_url":"https:\/\/www.lappart34.org\/?page_id=1252","og_site_name":"ASSOCIATION L APPART LA BOBINE","article_publisher":"https:\/\/www.facebook.com\/LappartMPT","article_modified_time":"2025-09-19T10:40:25+00:00","og_image":[{"url":"https:\/\/www.lappart34.org\/wp-content\/uploads\/2025\/05\/IMG_9497-scaled.jpg","type":"","width":"","height":""}],"twitter_card":"summary_large_image","twitter_misc":{"Dur\u00e9e de lecture estim\u00e9e":"2 minutes"},"schema":{"@context":"https:\/\/schema.org","@graph":[{"@type":"WebPage","@id":"https:\/\/www.lappart34.org\/?page_id=1252","url":"https:\/\/www.lappart34.org\/?page_id=1252","name":"Accueil La Cabane (LAEP) - ASSOCIATION L APPART LA BOBINE","isPartOf":{"@id":"https:\/\/www.lappart34.org\/#website"},"primaryImageOfPage":{"@id":"https:\/\/www.lappart34.org\/?page_id=1252#primaryimage"},"image":{"@id":"https:\/\/www.lappart34.org\/?page_id=1252#primaryimage"},"thumbnailUrl":"https:\/\/www.lappart34.org\/wp-content\/uploads\/2025\/05\/IMG_9497-scaled.jpg","datePublished":"2023-09-15T12:58:25+00:00","dateModified":"2025-09-19T10:40:25+00:00","breadcrumb":{"@id":"https:\/\/www.lappart34.org\/?page_id=1252#breadcrumb"},"inLanguage":"fr-FR","potentialAction":[{"@type":"ReadAction","target":["https:\/\/www.lappart34.org\/?page_id=1252"]}]},{"@type":"ImageObject","inLanguage":"fr-FR","@id":"https:\/\/www.lappart34.org\/?page_id=1252#primaryimage","url":"https:\/\/www.lappart34.org\/wp-content\/uploads\/2025\/05\/IMG_9497-scaled.jpg","contentUrl":"https:\/\/www.lappart34.org\/wp-content\/uploads\/2025\/05\/IMG_9497-scaled.jpg","width":2560,"height":1920},{"@type":"BreadcrumbList","@id":"https:\/\/www.lappart34.org\/?page_id=1252#breadcrumb","itemListElement":[{"@type":"ListItem","position":1,"name":"Accueil","item":"https:\/\/www.lappart34.org\/"},{"@type":"ListItem","position":2,"name":"Accueil La Cabane (LAEP)"}]},{"@type":"WebSite","@id":"https:\/\/www.lappart34.org\/#website","url":"https:\/\/www.lappart34.org\/","name":"ASSOCIATION L APPART LA BOBINE","description":"Association de soutien \u00e0 la parentalit\u00e9","publisher":{"@id":"https:\/\/www.lappart34.org\/#organization"},"potentialAction":[{"@type":"SearchAction","target":{"@type":"EntryPoint","urlTemplate":"https:\/\/www.lappart34.org\/?s={search_term_string}"},"query-input":{"@type":"PropertyValueSpecification","valueRequired":true,"valueName":"search_term_string"}}],"inLanguage":"fr-FR"},{"@type":"Organization","@id":"https:\/\/www.lappart34.org\/#organization","name":"ASSOCIATION L APPART LA BOBINE","url":"https:\/\/www.lappart34.org\/","logo":{"@type":"ImageObject","inLanguage":"fr-FR","@id":"https:\/\/www.lappart34.org\/#\/schema\/logo\/image\/","url":"https:\/\/www.lappart34.org\/wp-content\/uploads\/2022\/02\/lappart-3.png","contentUrl":"https:\/\/www.lappart34.org\/wp-content\/uploads\/2022\/02\/lappart-3.png","width":500,"height":500,"caption":"ASSOCIATION L APPART LA BOBINE"},"image":{"@id":"https:\/\/www.lappart34.org\/#\/schema\/logo\/image\/"},"sameAs":["https:\/\/www.facebook.com\/LappartMPT","https:\/\/www.instagram.com\/la.bobine\/"]}]}},"_links":{"self":[{"href":"https:\/\/www.lappart34.org\/index.php?rest_route=\/wp\/v2\/pages\/1252","targetHints":{"allow":["GET"]}}],"collection":[{"href":"https:\/\/www.lappart34.org\/index.php?rest_route=\/wp\/v2\/pages"}],"about":[{"href":"https:\/\/www.lappart34.org\/index.php?rest_route=\/wp\/v2\/types\/page"}],"author":[{"embeddable":true,"href":"https:\/\/www.lappart34.org\/index.php?rest_route=\/wp\/v2\/users\/1"}],"replies":[{"embeddable":true,"href":"https:\/\/www.lappart34.org\/index.php?rest_route=%2Fwp%2Fv2%2Fcomments&post=1252"}],"version-history":[{"count":9,"href":"https:\/\/www.lappart34.org\/index.php?rest_route=\/wp\/v2\/pages\/1252\/revisions"}],"predecessor-version":[{"id":1752,"href":"https:\/\/www.lappart34.org\/index.php?rest_route=\/wp\/v2\/pages\/1252\/revisions\/1752"}],"wp:attachment":[{"href":"https:\/\/www.lappart34.org\/index.php?rest_route=%2Fwp%2Fv2%2Fmedia&parent=1252"}],"curies":[{"name":"wp","href":"https:\/\/api.w.org\/{rel}","templated":true}]}}